{"id":8922,"date":"2023-11-12T12:08:12","date_gmt":"2023-11-12T12:08:12","guid":{"rendered":"https:\/\/predipet.com\/?page_id=8922"},"modified":"2023-11-13T03:04:02","modified_gmt":"2023-11-13T03:04:02","slug":"serum-tk1","status":"publish","type":"page","link":"https:\/\/predipet.com\/sv\/serum-tk1\/","title":{"rendered":"Vad \u00e4r Serum TK1?"},"content":{"rendered":"<div data-elementor-type=\"wp-page\" data-elementor-id=\"8922\" class=\"elementor elementor-8922\" data-elementor-post-type=\"page\">\n\t\t\t\t\t\t<section class=\"elementor-section elementor-top-section elementor-element elementor-element-7b039e3 elementor-section-boxed elementor-section-height-default elementor-section-height-default\" data-id=\"7b039e3\" data-element_type=\"section\" data-e-type=\"section\">\n\t\t\t\t\t\t<div class=\"elementor-container elementor-column-gap-default\">\n\t\t\t\t\t<div class=\"elementor-column elementor-col-100 elementor-top-column elementor-element elementor-element-4bac179\" data-id=\"4bac179\" data-element_type=\"column\" data-e-type=\"column\">\n\t\t\t<div class=\"elementor-widget-wrap elementor-element-populated\">\n\t\t\t\t\t\t<div class=\"elementor-element elementor-element-4382ba5 elementor-widget elementor-widget-heading\" data-id=\"4382ba5\" data-element_type=\"widget\" data-e-type=\"widget\" data-widget_type=\"heading.default\">\n\t\t\t\t<div class=\"elementor-widget-container\">\n\t\t\t\t\t<h2 class=\"elementor-heading-title elementor-size-default\">Serum-TK1 som mark\u00f6r f\u00f6r malignitet inom veterin\u00e4rmedicin<\/h2>\t\t\t\t<\/div>\n\t\t\t\t<\/div>\n\t\t\t\t\t<\/div>\n\t\t<\/div>\n\t\t\t\t\t<\/div>\n\t\t<\/section>\n\t\t\t\t<section class=\"elementor-section elementor-top-section elementor-element elementor-element-a3810cf elementor-section-boxed elementor-section-height-default elementor-section-height-default\" data-id=\"a3810cf\" data-element_type=\"section\" data-e-type=\"section\">\n\t\t\t\t\t\t<div class=\"elementor-container elementor-column-gap-default\">\n\t\t\t\t\t<div class=\"elementor-column elementor-col-100 elementor-top-column elementor-element elementor-element-d2739ea\" data-id=\"d2739ea\" data-element_type=\"column\" data-e-type=\"column\">\n\t\t\t<div class=\"elementor-widget-wrap elementor-element-populated\">\n\t\t\t\t\t\t<div class=\"elementor-element elementor-element-ab29037 elementor-widget elementor-widget-text-editor\" data-id=\"ab29037\" data-element_type=\"widget\" data-e-type=\"widget\" data-widget_type=\"text-editor.default\">\n\t\t\t\t<div class=\"elementor-widget-container\">\n\t\t\t\t\t\t\t\t\t<div class=\"maincontent-summary\"><div class=\"maincontent-summary\"><p><strong>\u00d6kad celltillv\u00e4xt \u00e4r ett k\u00e4nnetecken f\u00f6r cancer. Thymidinkinas 1 (TK1) \u00e4r ett enzym som deltar i syntesen av DNA-f\u00f6rstadier. Inom humanmedicinen har det anv\u00e4nts som en serum-biomark\u00f6r f\u00f6r \u00f6kad celltillv\u00e4xt och celloms\u00e4ttning sedan 1980-talet.<\/strong><\/p><\/div><\/div>\t\t\t\t\t\t\t\t<\/div>\n\t\t\t\t<\/div>\n\t\t\t\t<div class=\"elementor-element elementor-element-372974f elementor-widget elementor-widget-text-editor\" data-id=\"372974f\" data-element_type=\"widget\" data-e-type=\"widget\" data-widget_type=\"text-editor.default\">\n\t\t\t\t<div class=\"elementor-widget-container\">\n\t\t\t\t\t\t\t\t\t<div class=\"rich-content w-richtext\">\n<p>H\u00f6ga niv\u00e5er av TK1 har p\u00e5visats i serum fr\u00e5n patienter med olika typer av cancer, s\u00e4rskilt vid hematologiska sjukdomar. Idag finns det inga andra etablerade blodmark\u00f6rer som \u00e4r direkt kopplade till tum\u00f6rsjukdomars celltillv\u00e4xthastighet.<\/p>\n<p>I Tyskland, f\u00f6r att n\u00e4mna ett exempel, analyseras cirka 200 000 serumprover f\u00f6r TK1 varje \u00e5r, fr\u00e4mst med ett test fr\u00e5n DiaSorin (TK REA, TK Liaison). <a href=\"http:\/\/www.diasorin.com\" target=\"_blank\" rel=\"noopener\">www.diasorin.com<\/a>) som m\u00e4ter den enzymatiska aktiviteten hos TK1.<\/p>\n<p class=\"translation-block\">Inom veterin\u00e4rmedicinen har dessa metoder f\u00f6r TK-aktivitet anv\u00e4nts f\u00f6r att diagnostisera och f\u00f6lja upp hundar med malign lymfom sedan 1996. Flera studier av tum\u00f6rsjukdomar hos hund har genomf\u00f6rts vid SLU, och vi har kunnat visa f\u00f6rh\u00f6jda niv\u00e5er av serum-TK1-aktivitet i samband med leukemi och lymfom. Under de senaste \u00e5ren har den kliniska nyttan av TK1 som mark\u00f6r f\u00f6r prognos och f\u00f6r uppf\u00f6ljning av cytostatikabehandling hos hundar med lymfom \u00e4ven bekr\u00e4ftats i flera andra studier (<a href=\"http:\/\/www.vdilab.com\" target=\"_blank\" rel=\"noopener\">www.vdilab.com<\/a>).<\/p>\n<p>En vanlig tum\u00f6rsjukdom hos hundar \u00e4r juvertum\u00f6rer. Serum fr\u00e5n hundar med juvertum\u00f6rer har dock ofta visat l\u00e5g TK1-aktivitet. P\u00e5 grund av detta har TK1-aktivitetsanalyser haft begr\u00e4nsad anv\u00e4ndning inom veterin\u00e4rmedicinen.<\/p>\n<h4>\u00a0 \u00a0A new immunochemical\u00a0 method<\/h4>\n<p>Ist\u00e4llet f\u00f6r att m\u00e4ta enzymaktiviteten hos TK1 har det relativt nyligen blivit m\u00f6jligt att m\u00e4ta m\u00e4ngden TK1-protein i humant serum (<a href=\"http:\/\/www.arocell.com\" target=\"_blank\" rel=\"noopener\">www.arocell.com<\/a>). Detta sker med hj\u00e4lp av de immunokemiska metoder som har utvecklats f\u00f6r humant TK1 i serum (AroCell TK210). Den avg\u00f6rande f\u00f6rdelen med denna metod \u00e4r att den m\u00f6jligg\u00f6r uppt\u00e4ckt av f\u00f6rh\u00f6jda niv\u00e5er av TK1 \u00e4ven n\u00e4r enzymet \u00e4r enzymatiskt inaktivt \u2013 vilket ofta \u00e4r fallet vid solida tum\u00f6rsjukdomar.<\/p>\n<p>Testet \u00e4r dessutom baserat p\u00e5 ELISA-plattformen, vilket inneb\u00e4r att det kan analyseras i alla typer av klinisk-kemiska laboratorier.<\/p>\n<p>En nackdel \u00e4r att metoden hittills enbart har varit till\u00e4mplig f\u00f6r best\u00e4mning av TK1 i humant serum. F\u00f6r veterin\u00e4r anv\u00e4ndning kr\u00e4vs art-specifika antikroppar.<\/p>\n<h4>\u00a0 \u00a0Utvecklad f\u00f6r hundar<\/h4>\n<p>Under de senaste \u00e5ren har dock immunokemiska metoder f\u00f6r att m\u00e4ta TK1 i serum fr\u00e5n hund, baserade p\u00e5 hundspecifika antikroppar, utvecklats vid SLU. Nyligen har \u00e4ven en ELISA-metod etablerats. Med hj\u00e4lp av dessa metoder har man kunnat p\u00e5visa signifikant f\u00f6rh\u00f6jda niv\u00e5er av TK1-protein i serum fr\u00e5n hundar med malignt lymfom, men \u00e4ven hos hundar med andra tum\u00f6rsjukdomar \u2013 till exempel juvertum\u00f6rer och hudtum\u00f6rer \u2013 sjukdomar som normalt inte leder till kraftigt f\u00f6rh\u00f6jd TK1-aktivitet.<\/p>\n<p>Dessa studier utg\u00f6r det f\u00f6rsta tydliga beviset p\u00e5 att en stor andel av TK1-proteinet i serum \u00e4r enzymatiskt inaktivt hos hundar med juvertum\u00f6rer, j\u00e4mf\u00f6rt med vad som observerats hos friska hundar och hundar med hematologiska maligniteter.<\/p>\n<h4>\u00a0 \u00a0Ytterligare djurarter<\/h4>\n<p>V\u00e5r slutsats \u00e4r att utv\u00e4rdering av TK1-protein kan ge v\u00e4rdefull information om prognos och tidig uppt\u00e4ckt av \u00e5terfall vid b\u00e5de hematologiska och solida tum\u00f6rer hos hund. Med st\u00f6rsta sannolikhet g\u00e4ller detta \u00e4ven f\u00f6r elakartade sjukdomar hos andra djurarter av veterin\u00e4rt intresse, till exempel h\u00e4st och katt. En prototyp f\u00f6r ELISA utvecklades 2013 med hj\u00e4lp av en polyklonal kaninantikropp och en monoklonal antikropp mot humant TK1. Sammanst\u00e4llningar av resultaten f\u00f6r ett antal vanliga tum\u00f6rtyper \u00e4r nu publicerade. Ett flertal patentans\u00f6kningar har ocks\u00e5 l\u00e4mnats in, varav flera beviljats patent.<\/p>\n<h4>\u00a0 \u00a0Klar f\u00f6r rutinm\u00e4ssig klinisk anv\u00e4ndning<\/h4>\n<p>Finansiering erh\u00f6lls fr\u00e5n Vinnova via SLU Holding AB f\u00f6r att verifiera de resultat som uppn\u00e5tts med en prototypversion av TK ELISA. F\u00f6r att omvandla detta till ett kliniskt diagnostiskt test kr\u00e4vdes storskalig produktion av de unika antikropparna. Detta \u00e4r nu genomf\u00f6rt och antikropparna utv\u00e4rderas f\u00f6r n\u00e4rvarande f\u00f6r att etablera en robust ELISA-metod l\u00e4mpad f\u00f6r kommersialisering.<\/p>\n<p><strong>Staffan Eriksson<\/strong><br>Professor emeritus i medicinsk och fysiologisk kemi, Institutionen f\u00f6r anatomi, fysiologi och biokemi vid SLU, Uppsala, Sverige.<\/p>\n<h4>\u00a0 \u00a0Ordf\u00f6rklaringar<\/h4>\n<p class=\"translation-block\"><strong>Serum:<\/strong> En genomskinlig v\u00e4tska som \u00e5terst\u00e5r n\u00e4r blodkroppar och koagulationsproteiner har avl\u00e4gsnats fr\u00e5n blodet.<\/p>\n<p><strong>Malignancy:<\/strong> Elakartad cancer<\/p>\n<p><strong>Hematologiska cancersjukdomar:<\/strong> fr\u00e4mst leukemi och lymfom<\/p>\n<p><strong><strong>Immunokemiska metoder:<\/strong><\/strong> Analysmetoder som bygger p\u00e5 antigen-antikroppsreaktioner f\u00f6r att identifiera och m\u00e4ta specifika \u00e4mnen, till exempel proteiner eller enzymer<\/p>\n<p><strong>Monoclonala antikroppar:<\/strong> Antikroppar som h\u00e4rstammar fr\u00e5n dotterceller till en och samma B-cellsklon och d\u00e4rmed \u00e4r identiska kallas monoklonala antikroppar.<\/p>\n<p><strong>Polyklonala antikroppar:<\/strong> Antikroppar som h\u00e4rstammar fr\u00e5n m\u00e5nga olika B-celler och d\u00e4rf\u00f6r skiljer sig fr\u00e5n varandra kallas polykonala antikroppar<\/p>\n<p><strong>Antigen:<\/strong> Ett \u00e4mne som \u00e4r fr\u00e4mmande f\u00f6r kroppen och som framkallar en reaktion fr\u00e5n immunsystemet n\u00e4r det kommer in i en organism kallas antigen.<\/p>\n<p><strong>Kaninantikropp:<\/strong> En antikropp som har framst\u00e4llts med serum fr\u00e5n kaniner.<\/p>\n<p><strong>ELISA (Enzyme-Linked ImmunoSorbent Assay):<\/strong> En rutinmetod f\u00f6r att detektera och kvantifiera en antikropp eller ett antigen<\/p>\n<\/div>\t\t\t\t\t\t\t\t<\/div>\n\t\t\t\t<\/div>\n\t\t\t\t\t<\/div>\n\t\t<\/div>\n\t\t\t\t\t<\/div>\n\t\t<\/section>\n\t\t\t\t<\/div>","protected":false},"excerpt":{"rendered":"<p>Serum TK1 as a marker of malignity in veterinary medicine Increased cell growth is a characteristic of cancer. Thymidine kinase 1 (TK1) is an enzyme involved in the DNA precursor synthesis. In human medicine it has been used as a serum biomarker for increased cell growth and turnover since the 1980s. High levels of TK1&#8230;<\/p>","protected":false},"author":1,"featured_media":0,"parent":0,"menu_order":0,"comment_status":"closed","ping_status":"closed","template":"","meta":{"footnotes":""},"class_list":["post-8922","page","type-page","status-publish","hentry"],"_links":{"self":[{"href":"https:\/\/predipet.com\/sv\/wp-json\/wp\/v2\/pages\/8922","targetHints":{"allow":["GET"]}}],"collection":[{"href":"https:\/\/predipet.com\/sv\/wp-json\/wp\/v2\/pages"}],"about":[{"href":"https:\/\/predipet.com\/sv\/wp-json\/wp\/v2\/types\/page"}],"author":[{"embeddable":true,"href":"https:\/\/predipet.com\/sv\/wp-json\/wp\/v2\/users\/1"}],"replies":[{"embeddable":true,"href":"https:\/\/predipet.com\/sv\/wp-json\/wp\/v2\/comments?post=8922"}],"version-history":[{"count":7,"href":"https:\/\/predipet.com\/sv\/wp-json\/wp\/v2\/pages\/8922\/revisions"}],"predecessor-version":[{"id":9439,"href":"https:\/\/predipet.com\/sv\/wp-json\/wp\/v2\/pages\/8922\/revisions\/9439"}],"wp:attachment":[{"href":"https:\/\/predipet.com\/sv\/wp-json\/wp\/v2\/media?parent=8922"}],"curies":[{"name":"wp","href":"https:\/\/api.w.org\/{rel}","templated":true}]}}